{"id":3,"date":"2021-11-27T04:29:45","date_gmt":"2021-11-27T03:29:45","guid":{"rendered":"http:\/\/luxmotorhouse.lu\/?page_id=3"},"modified":"2022-07-26T12:57:45","modified_gmt":"2022-07-26T10:57:45","slug":"mentionslegales","status":"publish","type":"page","link":"https:\/\/luxmotorhouse.lu\/en\/mentionslegales\/","title":{"rendered":"Mentions l\u00e9gales"},"content":{"rendered":"<div data-elementor-type=\"wp-page\" data-elementor-id=\"3\" class=\"elementor elementor-3\" data-elementor-post-type=\"page\">\n\t\t\t\t\t\t<section class=\"elementor-section elementor-top-section elementor-element elementor-element-0c34923 elementor-section-height-min-height elementor-section-boxed elementor-section-height-default elementor-section-items-middle\" data-id=\"0c34923\" data-element_type=\"section\" data-settings=\"{&quot;background_background&quot;:&quot;classic&quot;}\">\n\t\t\t\t\t\t<div class=\"elementor-container elementor-column-gap-default\">\n\t\t\t\t\t<div class=\"elementor-column elementor-col-100 elementor-top-column elementor-element elementor-element-3933504\" data-id=\"3933504\" data-element_type=\"column\">\n\t\t\t<div class=\"elementor-widget-wrap elementor-element-populated\">\n\t\t\t\t\t\t<div class=\"elementor-element elementor-element-2083d36 elementor-widget elementor-widget-heading\" data-id=\"2083d36\" data-element_type=\"widget\" data-widget_type=\"heading.default\">\n\t\t\t\t<div class=\"elementor-widget-container\">\n\t\t\t\t\t<h1 class=\"elementor-heading-title elementor-size-default\">Mentions l\u00e9gales<\/h1>\t\t\t\t<\/div>\n\t\t\t\t<\/div>\n\t\t\t\t\t<\/div>\n\t\t<\/div>\n\t\t\t\t\t<\/div>\n\t\t<\/section>\n\t\t\t\t<section class=\"elementor-section elementor-top-section elementor-element elementor-element-3f011228 elementor-section-boxed elementor-section-height-default elementor-section-height-default\" data-id=\"3f011228\" data-element_type=\"section\">\n\t\t\t\t\t\t<div class=\"elementor-container elementor-column-gap-default\">\n\t\t\t\t\t<div class=\"elementor-column elementor-col-100 elementor-top-column elementor-element elementor-element-d030d7\" data-id=\"d030d7\" data-element_type=\"column\">\n\t\t\t<div class=\"elementor-widget-wrap elementor-element-populated\">\n\t\t\t\t\t\t<div class=\"elementor-element elementor-element-d84667d elementor-widget elementor-widget-text-editor\" data-id=\"d84667d\" data-element_type=\"widget\" data-widget_type=\"text-editor.default\">\n\t\t\t\t<div class=\"elementor-widget-container\">\n\t\t\t\t\t\t\t\t\t<p><\/p>\n<p>Le pr\u00e9sent site est la propri\u00e9t\u00e9 de Efficiency, \u00e9tablissement situ\u00e9 173 rue des Pr\u00e9s &#8211; 4881 Lamadelaine &#8211; Luxembourg<\/p>\n<p>Nom du site : www.luxmotorhouse.lu<\/p>\n<p>RCS: \u00a0B254469<\/p>\n<p>TVA: LU33144105<\/p>\n<p>Adresse: 173 rue des Pr\u00e9s &#8211; 4881 Lamadelaine<\/p>\n<p>Directeur de la publication : Jean-Maxence WATEL<\/p>\n<p>Pour toute question concernant ce site, merci de nous contacter \u00e0 l&rsquo;adresse mail suivante : contact@luxmotorhouse.lu<\/p>\n<p>\u00a0<\/p>\n<p><strong>Droits prot\u00e9g\u00e9s<\/strong><\/p>\n<p>Les \u00e9l\u00e9ments constituant le pr\u00e9sent site, d\u00e9velopp\u00e9s et h\u00e9berg\u00e9s par HOSTINGER INTERNATIONAL LTD, 61 Lordou Vironos Street, 6023 Larnaca, Chypre, sont prot\u00e9g\u00e9s par la l\u00e9gislation applicable en mati\u00e8re de droit d&rsquo;auteur, de droit des marques, de droit des dessins et mod\u00e8les et de concurrence d\u00e9loyale.<\/p>\n<p>Ils comprennent notamment l&rsquo;architecture, la charte graphique (incluant les couleurs, les polices de caract\u00e8re et l&rsquo;organisation graphique des \u00e9crans), ainsi que l&rsquo;ensemble des informations et \u00e9l\u00e9ments disponibles sur le site Internet, tels que notamment les textes, articles, photographies, illustrations, images, marques et logos.<\/p>\n<p>Toute reproduction, repr\u00e9sentation, diffusion et\/ou exploitation de tout ou partie de ces \u00e9l\u00e9ments, par quelque moyen, sous quelque forme et \u00e0 quelque fin que ce soit, est interdite, sauf autorisation expresse pr\u00e9alable et \u00e9crite de\u00a0JMW Business &amp; Solutions.<\/p>\n<p>Toute personne ne respectant pas les dispositions l\u00e9gales applicables se rend coupable du d\u00e9lit de contrefa\u00e7on et est passible des sanctions p\u00e9nales pr\u00e9vues par la loi, nonobstant tout autre recours de\u00a0JMW Business &amp; Solutions.<\/p>\n<p>\u00a0<\/p>\n<p><strong>Politique de confidentialit\u00e9 &#8211; Protection de la vie Priv\u00e9e<\/strong><\/p>\n<p>Le traitement des donn\u00e9es \u00e0 caract\u00e8re personnel s\u2019effectue en conformit\u00e9 avec les r\u00e9glementations europ\u00e9ennes en vigueur en mati\u00e8re de protection de la vie priv\u00e9e dont le r\u00e8glement (UE) 2016\/679 du 27 avril 2016 relatif \u00e0 la protection des personnes physiques \u00e0 l\u2019\u00e9gard du traitement des donn\u00e9es \u00e0 caract\u00e8re personnel et \u00e0 la libre circulation de ces donn\u00e9es, et abrogeant la directive 95\/46\/CE (le \u00ab RGPD \u00bb ou le \u00ab GDPR \u00bb).<\/p>\n<p>\u00a0<\/p>\n<p><strong>Quelles sont les donn\u00e9es collect\u00e9es ?<\/strong><\/p>\n<p>Donn\u00e9es de contact et d\u2019identification personnelles : vos nom, pr\u00e9nom, soci\u00e9t\u00e9, t\u00e9l\u00e9phone, adresse \u00e9lectronique.<\/p>\n<p>\u00a0<\/p>\n<p><strong>Quand des donn\u00e9es \u00e0 caract\u00e8re personnel sont-elles trait\u00e9es ?\u00a0<\/strong><\/p>\n<p>Nous collectons des donn\u00e9es \u00e0 caract\u00e8re personnel lorsque vous remplissez le formulaire de la page contact ou le formulaire de demande de devis.<\/p>\n<p>\u00a0<\/p>\n<p><strong>Quel usage ?<\/strong><\/p>\n<p>Efficiency recueille et utilise vos donn\u00e9es \u00e0 caract\u00e8re personnel exclusivement pour r\u00e9pondre \u00e0 votre demande ou question exprim\u00e9e dans votre message. Ces donn\u00e9es ne seront donc pas utilis\u00e9es \u00e0 des fins de marketing, ni pour nos propres services ni pour des partenaires.<\/p>\n<p>\u00a0<\/p>\n<p><strong>Dur\u00e9e de conservation :<\/strong><\/p>\n<p>Les informations qui vous concernent recueillies sur ce formulaire font l&rsquo;objet d&rsquo;un traitement par nos services afin de mener \u00e0 bien votre demande. Ces informations sont conserv\u00e9es pour la dur\u00e9e n\u00e9cessaire \u00e0 la r\u00e9alisation de la finalit\u00e9 du traitement.<\/p>\n<p>\u00a0<\/p>\n<p><strong>Droit d\u2019acc\u00e8s, de rectification, de limitation et d\u2019opposition :\u00a0<\/strong><\/p>\n<p>Vous disposez toujours du droit d\u2019acc\u00e8s \u00e0 vos donn\u00e9es \u00e0 caract\u00e8re personnel. Vous pouvez toujours demander au directeur de la publication vis\u00e9 plus haut de contr\u00f4ler, corriger, compl\u00e9ter ou effacer vos donn\u00e9es. Votre droit \u00e0 l\u2019oubli n\u2019est toutefois pas absolu: Nous avons le droit de conserver vos donn\u00e9es lorsque cela est n\u00e9cessaire, entre autres s\u2019il subsiste entre nous des obligations l\u00e9gales ou \u00e0 la constatation, l\u2019exercice ou la d\u00e9fense de droits en justice.<\/p>\n<p>\u00a0<\/p>\n<p><strong>Gestion des cookies :<\/strong><\/p>\n<p>Lors de l\u2019acc\u00e8s \u00e0 ce site, des informations peuvent \u00eatre temporairement conserv\u00e9es en m\u00e9moire ou sur le disque dur de l\u2019utilisateur, afin d\u2019optimiser et personnaliser la navigation sur le site ou \u00e0 des fins statistiques.<\/p>\n<p>L\u2019internaute peut configurer les pr\u00e9f\u00e9rences de son logiciel de navigation de sorte \u00e0 refuser les cookies. Certaines fonctionnalit\u00e9s du site pourraient alors ne plus \u00eatre accessibles. Pour plus d\u2019informations sur la configuration relative aux cookies dans les logiciels, nous invitons l\u2019internaute \u00e0 consulter les pages d\u00e9di\u00e9es de\u00a0<a href=\"https:\/\/support.google.com\/accounts\/answer\/61416\">Google<\/a>,\u00a0<a href=\"https:\/\/support.mozilla.org\/fr\/kb\/activer-desactiver-cookies-preferences\">Mozilla<\/a>\u00a0or\u00a0<a href=\"https:\/\/support.microsoft.com\/fr-lu\/help\/17442\/windows-internet-explorer-delete-manage-cookies\">Microsoft<\/a>.<\/p>\n<p>\u00a0<\/p>\n<p><strong>Comp\u00e9tence territoriale et loi applicable<\/strong><\/p>\n<p>Les Tribunaux luxembourgeois sont comp\u00e9tents pour conna\u00eetre des litiges \u00e9ventuels ayant trait \u00e0 l&rsquo;utilisation, \u00e0 l&rsquo;interpr\u00e9tation et \u00e0 l&rsquo;ex\u00e9cution des informations et donn\u00e9es figurant sur le pr\u00e9sent site.<\/p>\n<p>La loi applicable est la loi luxembourgeoise.<\/p>\n<p><\/p>\t\t\t\t\t\t\t\t<\/div>\n\t\t\t\t<\/div>\n\t\t\t\t\t<\/div>\n\t\t<\/div>\n\t\t\t\t\t<\/div>\n\t\t<\/section>\n\t\t\t\t<\/div>","protected":false},"excerpt":{"rendered":"<p>Mentions l\u00e9gales Le pr\u00e9sent site est la propri\u00e9t\u00e9 de Efficiency, \u00e9tablissement situ\u00e9 173 rue des Pr\u00e9s &#8211; 4881 Lamadelaine &#8211; Luxembourg Nom du site : www.luxmotorhouse.lu RCS: \u00a0B254469 TVA: LU33144105 Adresse: 173 rue des Pr\u00e9s &#8211; 4881 Lamadelaine Directeur de la publication : Jean-Maxence WATEL Pour toute question concernant ce site, merci de nous contacter [&hellip;]<\/p>","protected":false},"author":1,"featured_media":0,"parent":0,"menu_order":0,"comment_status":"closed","ping_status":"open","template":"page-templates\/page-light.php","meta":{"footnotes":""},"class_list":["post-3","page","type-page","status-publish","hentry"],"_links":{"self":[{"href":"https:\/\/luxmotorhouse.lu\/en\/wp-json\/wp\/v2\/pages\/3","targetHints":{"allow":["GET"]}}],"collection":[{"href":"https:\/\/luxmotorhouse.lu\/en\/wp-json\/wp\/v2\/pages"}],"about":[{"href":"https:\/\/luxmotorhouse.lu\/en\/wp-json\/wp\/v2\/types\/page"}],"author":[{"embeddable":true,"href":"https:\/\/luxmotorhouse.lu\/en\/wp-json\/wp\/v2\/users\/1"}],"replies":[{"embeddable":true,"href":"https:\/\/luxmotorhouse.lu\/en\/wp-json\/wp\/v2\/comments?post=3"}],"version-history":[{"count":17,"href":"https:\/\/luxmotorhouse.lu\/en\/wp-json\/wp\/v2\/pages\/3\/revisions"}],"predecessor-version":[{"id":2868,"href":"https:\/\/luxmotorhouse.lu\/en\/wp-json\/wp\/v2\/pages\/3\/revisions\/2868"}],"wp:attachment":[{"href":"https:\/\/luxmotorhouse.lu\/en\/wp-json\/wp\/v2\/media?parent=3"}],"curies":[{"name":"wp","href":"https:\/\/api.w.org\/{rel}","templated":true}]}}